{"id":6703,"date":"2024-07-09T11:26:26","date_gmt":"2024-07-09T11:26:26","guid":{"rendered":"https:\/\/safespacesproject.eu\/om-prosjektet"},"modified":"2025-11-11T15:31:49","modified_gmt":"2025-11-11T15:31:49","slug":"om-prosjektet","status":"publish","type":"page","link":"https:\/\/safespacesproject.eu\/no\/om-prosjektet","title":{"rendered":"Om prosjektet"},"content":{"rendered":"\t\t<div data-elementor-type=\"wp-page\" data-elementor-id=\"6703\" class=\"elementor elementor-6703 elementor-380\" data-elementor-post-type=\"page\">\n\t\t\t\t<div class=\"elementor-element elementor-element-4051fd2 e-flex e-con-boxed wpr-particle-no wpr-jarallax-no wpr-parallax-no wpr-sticky-section-no e-con e-parent\" data-id=\"4051fd2\" data-element_type=\"container\" data-e-type=\"container\" data-settings=\"{&quot;jet_parallax_layout_list&quot;:[],&quot;background_background&quot;:&quot;classic&quot;}\">\n\t\t\t\t\t<div class=\"e-con-inner\">\n\t\t\t\t<div class=\"elementor-element elementor-element-eb8f6f2 elementor-widget elementor-widget-heading\" data-id=\"eb8f6f2\" data-element_type=\"widget\" data-e-type=\"widget\" data-widget_type=\"heading.default\">\n\t\t\t\t<div class=\"elementor-widget-container\">\n\t\t\t\t\t<h2 class=\"elementor-heading-title elementor-size-default\">Om prosjektet<\/h2>\t\t\t\t<\/div>\n\t\t\t\t<\/div>\n\t\t\t\t\t<\/div>\n\t\t\t\t<\/div>\n\t\t<div class=\"elementor-element elementor-element-931c74d e-flex e-con-boxed wpr-particle-no wpr-jarallax-no wpr-parallax-no wpr-sticky-section-no e-con e-parent\" data-id=\"931c74d\" data-element_type=\"container\" data-e-type=\"container\" data-settings=\"{&quot;jet_parallax_layout_list&quot;:[],&quot;background_background&quot;:&quot;classic&quot;}\">\n\t\t\t\t\t<div class=\"e-con-inner\">\n\t\t\t\t<div class=\"elementor-element elementor-element-653366b elementor-widget elementor-widget-text-editor\" data-id=\"653366b\" data-element_type=\"widget\" data-e-type=\"widget\" data-widget_type=\"text-editor.default\">\n\t\t\t\t<div class=\"elementor-widget-container\">\n\t\t\t\t\t\t\t\t\t<p>L\u00e6r mer om utviklingen av SafeSpaces! V\u00e5rt fokus vil v\u00e6re \u00e5 lage en omfattende metodikk i et digitalt format. Denne metodikken har som m\u00e5l \u00e5 skissere implementeringsprosessen for (ungdoms)migrasjonssentre, med fokus p\u00e5 spesifikke omr\u00e5der og aktiviteter for \u00e5 legge til rette for en vellykket integrering av enslige mindre\u00e5rige migranter i vertslandet.  <\/p><p>SafeSpaces refererer til de sentrene som er i stand til \u00e5 gjennomf\u00f8re disse aktivitetene med st\u00f8tte fra utdannede sosialarbeidere for ungdom. Viktige innsatsomr\u00e5der omfatter ungdomsarbeid og sosialt arbeid, vurderingsprosedyrer, forebyggingsstrategier, intervensjonsmetoder, helhetlige tiln\u00e6rminger, \u00f8kologiske perspektiver og en integrert oversikt med oppl\u00e6ringsmoduler som er utviklet gjennom v\u00e5rt oppl\u00e6ringsprogram. <\/p>\t\t\t\t\t\t\t\t<\/div>\n\t\t\t\t<\/div>\n\t\t<div class=\"elementor-element elementor-element-f96ba46 e-con-full e-flex wpr-particle-no wpr-jarallax-no wpr-parallax-no wpr-sticky-section-no e-con e-child\" data-id=\"f96ba46\" data-element_type=\"container\" data-e-type=\"container\" data-settings=\"{&quot;jet_parallax_layout_list&quot;:[]}\">\n\t\t\t\t<div class=\"elementor-element elementor-element-06e538f elementor-widget elementor-widget-eael-sticky-video\" data-id=\"06e538f\" data-element_type=\"widget\" data-e-type=\"widget\" data-widget_type=\"eael-sticky-video.default\">\n\t\t\t\t<div class=\"elementor-widget-container\">\n\t\t\t\t\t<div class=\"eael-sticky-video-wrapper eaelsv-overlay-visibility-\"><div class=\"eael-sticky-video-player2\" data-sticky=\"\" data-position=\"\" data-sheight=\"169\" data-swidth=\"300\" data-scroll_height=\"\" data-autoplay=\"no\" data-overlay=\"no\"><div\n\t\t\tid=\"eaelsv-player-06e538f\"\n\t\t\tdata-plyr-provider=\"youtube\"\n\t\t\tdata-plyr-embed-id=\"8PUv0Fpfo7o\"\n\t\t\tdata-plyr-config=\"{&quot;storage&quot;: {&quot;enabled&quot;: false, &quot;key&quot;: &quot;plyr&quot;}, &quot;autoplay&quot;:0, &quot;muted&quot;:0, &quot;loop&quot;: {&quot;active&quot;: false}}\"\n\t\t><\/div>\n\t\t\t\t<span class=\"eaelsv-sticky-player-close\"><i class=\"fas fa-times-circle\"><\/i><\/span>\n\t\t\t<\/div>\n\t\t<\/div>\t\t\t\t<\/div>\n\t\t\t\t<\/div>\n\t\t\t\t<\/div>\n\t\t\t\t\t<\/div>\n\t\t\t\t<\/div>\n\t\t<div class=\"elementor-element elementor-element-c6601c0 e-flex e-con-boxed wpr-particle-no wpr-jarallax-no wpr-parallax-no wpr-sticky-section-no e-con e-parent\" data-id=\"c6601c0\" data-element_type=\"container\" data-e-type=\"container\" data-settings=\"{&quot;jet_parallax_layout_list&quot;:[],&quot;background_background&quot;:&quot;classic&quot;,&quot;shape_divider_top&quot;:&quot;arrow&quot;}\">\n\t\t\t\t\t<div class=\"e-con-inner\">\n\t\t\t\t<div class=\"elementor-shape elementor-shape-top\" aria-hidden=\"true\" data-negative=\"false\">\n\t\t\t<svg xmlns=\"http:\/\/www.w3.org\/2000\/svg\" viewBox=\"0 0 700 10\" preserveAspectRatio=\"none\">\n\t<path class=\"elementor-shape-fill\" d=\"M350,10L340,0h20L350,10z\"\/>\n<\/svg>\t\t<\/div>\n\t\t\t\t<div class=\"elementor-element elementor-element-8f0d21b elementor-widget elementor-widget-heading\" data-id=\"8f0d21b\" data-element_type=\"widget\" data-e-type=\"widget\" data-widget_type=\"heading.default\">\n\t\t\t\t<div class=\"elementor-widget-container\">\n\t\t\t\t\t<h2 class=\"elementor-heading-title elementor-size-default\">M\u00e5lsettinger<\/h2>\t\t\t\t<\/div>\n\t\t\t\t<\/div>\n\t\t<div class=\"elementor-element elementor-element-487acc0 e-con-full e-flex wpr-particle-no wpr-jarallax-no wpr-parallax-no wpr-sticky-section-no e-con e-child\" data-id=\"487acc0\" data-element_type=\"container\" data-e-type=\"container\" data-settings=\"{&quot;jet_parallax_layout_list&quot;:[]}\">\n\t\t<div class=\"elementor-element elementor-element-6a5c5d5 e-con-full e-flex wpr-particle-no wpr-jarallax-no wpr-parallax-no wpr-sticky-section-no e-con e-child\" data-id=\"6a5c5d5\" data-element_type=\"container\" data-e-type=\"container\" data-settings=\"{&quot;jet_parallax_layout_list&quot;:[]}\">\n\t\t\t\t<div class=\"elementor-element elementor-element-9a3ad95 elementor-widget elementor-widget-eael-svg-draw\" data-id=\"9a3ad95\" data-element_type=\"widget\" data-e-type=\"widget\" data-widget_type=\"eael-svg-draw.default\">\n\t\t\t\t<div class=\"elementor-widget-container\">\n\t\t\t\t\t<div class=\"eael-svg-draw-container page-load \" data-settings=\"{&quot;fill_type&quot;:&quot;none&quot;,&quot;fill_color&quot;:null,&quot;start_point&quot;:&quot;95%&quot;,&quot;end_point&quot;:&quot;10%&quot;,&quot;marker&quot;:false,&quot;loop&quot;:&quot;yes&quot;,&quot;loop_delay&quot;:1.5,&quot;pause&quot;:&quot;no&quot;,&quot;direction&quot;:&quot;reverse&quot;,&quot;excludeStyle&quot;:&quot;no&quot;,&quot;transition&quot;:&quot;2&quot;,&quot;stroke_length&quot;:100,&quot;ease_type&quot;:&quot;none&quot;,&quot;has_pro&quot;:false,&quot;speed&quot;:1}\"><svg class='svg-inline--fas-fa-people-arrows  eael-svg-icon' aria-hidden='true' role='img' xmlns='http:\/\/www.w3.org\/2000\/svg' viewBox='0 0 576 512'><path fill='' d='M96,128A64,64,0,1,0,32,64,64,64,0,0,0,96,128Zm0,176.08a44.11,44.11,0,0,1,13.64-32L181.77,204c1.65-1.55,3.77-2.31,5.61-3.57A63.91,63.91,0,0,0,128,160H64A64,64,0,0,0,0,224v96a32,32,0,0,0,32,32V480a32,32,0,0,0,32,32h64a32,32,0,0,0,32-32V383.61l-50.36-47.53A44.08,44.08,0,0,1,96,304.08ZM480,128a64,64,0,1,0-64-64A64,64,0,0,0,480,128Zm32,32H448a63.91,63.91,0,0,0-59.38,40.42c1.84,1.27,4,2,5.62,3.59l72.12,68.06a44.37,44.37,0,0,1,0,64L416,383.62V480a32,32,0,0,0,32,32h64a32,32,0,0,0,32-32V352a32,32,0,0,0,32-32V224A64,64,0,0,0,512,160ZM444.4,295.34l-72.12-68.06A12,12,0,0,0,352,236v36H224V236a12,12,0,0,0-20.28-8.73L131.6,295.34a12.4,12.4,0,0,0,0,17.47l72.12,68.07A12,12,0,0,0,224,372.14V336H352v36.14a12,12,0,0,0,20.28,8.74l72.12-68.07A12.4,12.4,0,0,0,444.4,295.34Z'><\/path><\/svg> <\/div>\t\t\t\t<\/div>\n\t\t\t\t<\/div>\n\t\t<div class=\"elementor-element elementor-element-f4e8dbb e-con-full e-flex wpr-particle-no wpr-jarallax-no wpr-parallax-no wpr-sticky-section-no elementor-invisible e-con e-child\" data-id=\"f4e8dbb\" data-element_type=\"container\" data-e-type=\"container\" data-settings=\"{&quot;background_background&quot;:&quot;classic&quot;,&quot;jet_parallax_layout_list&quot;:[],&quot;animation&quot;:&quot;fadeInUp&quot;}\">\n\t\t\t\t<div class=\"elementor-element elementor-element-383a911 elementor-widget elementor-widget-heading\" data-id=\"383a911\" data-element_type=\"widget\" data-e-type=\"widget\" data-widget_type=\"heading.default\">\n\t\t\t\t<div class=\"elementor-widget-container\">\n\t\t\t\t\t<h2 class=\"elementor-heading-title elementor-size-default\">M\u00e5l 1<\/h2>\t\t\t\t<\/div>\n\t\t\t\t<\/div>\n\t\t\t\t<div class=\"elementor-element elementor-element-e1a7fbf elementor-widget elementor-widget-text-editor\" data-id=\"e1a7fbf\" data-element_type=\"widget\" data-e-type=\"widget\" data-widget_type=\"text-editor.default\">\n\t\t\t\t<div class=\"elementor-widget-container\">\n\t\t\t\t\t\t\t\t\t<p>\u00d8ke bevisstheten om viktigheten av \u00e5 anerkjenne flyktning-, migrant- og fordrevne barn som barn f\u00f8rst, med rett til beskyttelse, utvikling og deltakelse, og \u00f8ke den kollektive innsatsen for \u00e5 sikre effektiv tilgang til viktige tjenester for alle barn og familier som har m\u00e5ttet flytte hjemmefra, uavhengig av status.<\/p>\t\t\t\t\t\t\t\t<\/div>\n\t\t\t\t<\/div>\n\t\t\t\t<\/div>\n\t\t\t\t<\/div>\n\t\t<div class=\"elementor-element elementor-element-d797f4c e-con-full e-flex wpr-particle-no wpr-jarallax-no wpr-parallax-no wpr-sticky-section-no e-con e-child\" data-id=\"d797f4c\" data-element_type=\"container\" data-e-type=\"container\" data-settings=\"{&quot;jet_parallax_layout_list&quot;:[]}\">\n\t\t\t\t<div class=\"elementor-element elementor-element-8606364 elementor-widget elementor-widget-eael-svg-draw\" data-id=\"8606364\" data-element_type=\"widget\" data-e-type=\"widget\" data-widget_type=\"eael-svg-draw.default\">\n\t\t\t\t<div class=\"elementor-widget-container\">\n\t\t\t\t\t<div class=\"eael-svg-draw-container page-load \" data-settings=\"{&quot;fill_type&quot;:&quot;none&quot;,&quot;fill_color&quot;:null,&quot;start_point&quot;:&quot;95%&quot;,&quot;end_point&quot;:&quot;10%&quot;,&quot;marker&quot;:false,&quot;loop&quot;:&quot;yes&quot;,&quot;loop_delay&quot;:1.5,&quot;pause&quot;:&quot;no&quot;,&quot;direction&quot;:&quot;reverse&quot;,&quot;excludeStyle&quot;:&quot;no&quot;,&quot;transition&quot;:&quot;2&quot;,&quot;stroke_length&quot;:100,&quot;ease_type&quot;:&quot;none&quot;,&quot;has_pro&quot;:false,&quot;speed&quot;:1}\"><svg class='svg-inline--fas-fa-brain  eael-svg-icon' aria-hidden='true' role='img' xmlns='http:\/\/www.w3.org\/2000\/svg' viewBox='0 0 576 512'><path fill='' d='M208 0c-29.9 0-54.7 20.5-61.8 48.2-.8 0-1.4-.2-2.2-.2-35.3 0-64 28.7-64 64 0 4.8.6 9.5 1.7 14C52.5 138 32 166.6 32 200c0 12.6 3.2 24.3 8.3 34.9C16.3 248.7 0 274.3 0 304c0 33.3 20.4 61.9 49.4 73.9-.9 4.6-1.4 9.3-1.4 14.1 0 39.8 32.2 72 72 72 4.1 0 8.1-.5 12-1.2 9.6 28.5 36.2 49.2 68 49.2 39.8 0 72-32.2 72-72V64c0-35.3-28.7-64-64-64zm368 304c0-29.7-16.3-55.3-40.3-69.1 5.2-10.6 8.3-22.3 8.3-34.9 0-33.4-20.5-62-49.7-74 1-4.5 1.7-9.2 1.7-14 0-35.3-28.7-64-64-64-.8 0-1.5.2-2.2.2C422.7 20.5 397.9 0 368 0c-35.3 0-64 28.6-64 64v376c0 39.8 32.2 72 72 72 31.8 0 58.4-20.7 68-49.2 3.9.7 7.9 1.2 12 1.2 39.8 0 72-32.2 72-72 0-4.8-.5-9.5-1.4-14.1 29-12 49.4-40.6 49.4-73.9z'><\/path><\/svg> <\/div>\t\t\t\t<\/div>\n\t\t\t\t<\/div>\n\t\t<div class=\"elementor-element elementor-element-2687de8 e-con-full e-flex wpr-particle-no wpr-jarallax-no wpr-parallax-no wpr-sticky-section-no elementor-invisible e-con e-child\" data-id=\"2687de8\" data-element_type=\"container\" data-e-type=\"container\" data-settings=\"{&quot;background_background&quot;:&quot;classic&quot;,&quot;jet_parallax_layout_list&quot;:[],&quot;animation&quot;:&quot;fadeInUp&quot;,&quot;animation_delay&quot;:500}\">\n\t\t\t\t<div class=\"elementor-element elementor-element-29a06b2 elementor-widget elementor-widget-heading\" data-id=\"29a06b2\" data-element_type=\"widget\" data-e-type=\"widget\" data-widget_type=\"heading.default\">\n\t\t\t\t<div class=\"elementor-widget-container\">\n\t\t\t\t\t<h2 class=\"elementor-heading-title elementor-size-default\">M\u00e5l 2<\/h2>\t\t\t\t<\/div>\n\t\t\t\t<\/div>\n\t\t\t\t<div class=\"elementor-element elementor-element-ef2309c elementor-widget elementor-widget-text-editor\" data-id=\"ef2309c\" data-element_type=\"widget\" data-e-type=\"widget\" data-widget_type=\"text-editor.default\">\n\t\t\t\t<div class=\"elementor-widget-container\">\n\t\t\t\t\t\t\t\t\t<p>Gi flyktninger, migranter og fordrevne ungdommer mulighet til \u00e5 utfolde talentene sine og realisere sitt fulle potensial.<\/p>\t\t\t\t\t\t\t\t<\/div>\n\t\t\t\t<\/div>\n\t\t\t\t<\/div>\n\t\t\t\t<\/div>\n\t\t<div class=\"elementor-element elementor-element-c1e5f7f e-con-full e-flex wpr-particle-no wpr-jarallax-no wpr-parallax-no wpr-sticky-section-no e-con e-child\" data-id=\"c1e5f7f\" data-element_type=\"container\" data-e-type=\"container\" data-settings=\"{&quot;jet_parallax_layout_list&quot;:[]}\">\n\t\t\t\t<div class=\"elementor-element elementor-element-1650763 elementor-widget elementor-widget-eael-svg-draw\" data-id=\"1650763\" data-element_type=\"widget\" data-e-type=\"widget\" data-widget_type=\"eael-svg-draw.default\">\n\t\t\t\t<div class=\"elementor-widget-container\">\n\t\t\t\t\t<div class=\"eael-svg-draw-container page-load \" data-settings=\"{&quot;fill_type&quot;:&quot;none&quot;,&quot;fill_color&quot;:null,&quot;start_point&quot;:&quot;95%&quot;,&quot;end_point&quot;:&quot;10%&quot;,&quot;marker&quot;:false,&quot;loop&quot;:&quot;yes&quot;,&quot;loop_delay&quot;:1.5,&quot;pause&quot;:&quot;no&quot;,&quot;direction&quot;:&quot;reverse&quot;,&quot;excludeStyle&quot;:&quot;no&quot;,&quot;transition&quot;:&quot;8&quot;,&quot;stroke_length&quot;:100,&quot;ease_type&quot;:&quot;none&quot;,&quot;has_pro&quot;:false,&quot;speed&quot;:1}\"><svg class='svg-inline--fas-fa-user-shield  eael-svg-icon' aria-hidden='true' role='img' xmlns='http:\/\/www.w3.org\/2000\/svg' viewBox='0 0 640 512'><path fill='' d='M622.3 271.1l-115.2-45c-4.1-1.6-12.6-3.7-22.2 0l-115.2 45c-10.7 4.2-17.7 14-17.7 24.9 0 111.6 68.7 188.8 132.9 213.9 9.6 3.7 18 1.6 22.2 0C558.4 489.9 640 420.5 640 296c0-10.9-7-20.7-17.7-24.9zM496 462.4V273.3l95.5 37.3c-5.6 87.1-60.9 135.4-95.5 151.8zM224 256c70.7 0 128-57.3 128-128S294.7 0 224 0 96 57.3 96 128s57.3 128 128 128zm96 40c0-2.5.8-4.8 1.1-7.2-2.5-.1-4.9-.8-7.5-.8h-16.7c-22.2 10.2-46.9 16-72.9 16s-50.6-5.8-72.9-16h-16.7C60.2 288 0 348.2 0 422.4V464c0 26.5 21.5 48 48 48h352c6.8 0 13.3-1.5 19.2-4-54-42.9-99.2-116.7-99.2-212z'><\/path><\/svg> <\/div>\t\t\t\t<\/div>\n\t\t\t\t<\/div>\n\t\t<div class=\"elementor-element elementor-element-c364ef1 e-con-full e-flex wpr-particle-no wpr-jarallax-no wpr-parallax-no wpr-sticky-section-no elementor-invisible e-con e-child\" data-id=\"c364ef1\" data-element_type=\"container\" data-e-type=\"container\" data-settings=\"{&quot;background_background&quot;:&quot;classic&quot;,&quot;jet_parallax_layout_list&quot;:[],&quot;animation&quot;:&quot;fadeInUp&quot;,&quot;animation_delay&quot;:1000}\">\n\t\t\t\t<div class=\"elementor-element elementor-element-daf8365 elementor-widget elementor-widget-heading\" data-id=\"daf8365\" data-element_type=\"widget\" data-e-type=\"widget\" data-widget_type=\"heading.default\">\n\t\t\t\t<div class=\"elementor-widget-container\">\n\t\t\t\t\t<h2 class=\"elementor-heading-title elementor-size-default\">M\u00e5l 3<\/h2>\t\t\t\t<\/div>\n\t\t\t\t<\/div>\n\t\t\t\t<div class=\"elementor-element elementor-element-bf6f354 elementor-widget elementor-widget-text-editor\" data-id=\"bf6f354\" data-element_type=\"widget\" data-e-type=\"widget\" data-widget_type=\"text-editor.default\">\n\t\t\t\t<div class=\"elementor-widget-container\">\n\t\t\t\t\t\t\t\t\t<p>Beskytte flyktninger, migranter og fordrevne barn mot diskriminering og fremmedfrykt ved \u00e5 arbeide for \u00e5 f\u00e5 slutt p\u00e5 skadelig grenseforvaltningspraksis og internering av barn ved innvandring.<\/p>\t\t\t\t\t\t\t\t<\/div>\n\t\t\t\t<\/div>\n\t\t\t\t<\/div>\n\t\t\t\t<\/div>\n\t\t\t\t<\/div>\n\t\t\t\t\t<\/div>\n\t\t\t\t<\/div>\n\t\t\t\t<\/div>\n\t\t","protected":false},"excerpt":{"rendered":"<p>L\u00e6r mer om utviklingen av SafeSpaces! V\u00e5rt fokus vil v\u00e6re \u00e5 lage en omfattende metodikk i et digitalt format. Denne metodikken har som m\u00e5l \u00e5 skissere implementeringsprosessen for (ungdoms)migrasjonssentre, med fokus p\u00e5 spesifikke omr\u00e5der og aktiviteter for \u00e5 legge til rette for en vellykket integrering av enslige mindre\u00e5rige migranter i vertslandet. SafeSpaces refererer til de sentrene som er i stand til \u00e5 gjennomf\u00f8re disse aktivitetene med st\u00f8tte fra utdannede sosialarbeidere for ungdom. Viktige innsatsomr\u00e5der omfatter ungdomsarbeid og sosialt arbeid, vurderingsprosedyrer, forebyggingsstrategier, intervensjonsmetoder, helhetlige tiln\u00e6rminger, \u00f8kologiske perspektiver og en integrert oversikt med oppl\u00e6ringsmoduler som er utviklet gjennom v\u00e5rt oppl\u00e6ringsprogram. M\u00e5lsettinger M\u00e5l 1 \u00d8ke bevisstheten om viktigheten av \u00e5 anerkjenne flyktning-, migrant- og fordrevne barn som barn f\u00f8rst, med rett til beskyttelse, utvikling og deltakelse, og \u00f8ke den kollektive innsatsen for \u00e5 sikre effektiv tilgang til viktige tjenester for alle barn og familier som har m\u00e5ttet flytte hjemmefra, uavhengig av status. M\u00e5l 2 Gi flyktninger, migranter og fordrevne ungdommer mulighet til \u00e5 utfolde talentene sine og realisere sitt fulle potensial. M\u00e5l 3 Beskytte flyktninger, migranter og fordrevne barn mot diskriminering og fremmedfrykt ved \u00e5 arbeide for \u00e5 f\u00e5 slutt p\u00e5 skadelig grenseforvaltningspraksis og internering av barn ved innvandring.<\/p>\n","protected":false},"author":2,"featured_media":0,"parent":0,"menu_order":0,"comment_status":"closed","ping_status":"closed","template":"","meta":{"footnotes":""},"class_list":["post-6703","page","type-page","status-publish","hentry"],"_links":{"self":[{"href":"https:\/\/safespacesproject.eu\/no\/wp-json\/wp\/v2\/pages\/6703","targetHints":{"allow":["GET"]}}],"collection":[{"href":"https:\/\/safespacesproject.eu\/no\/wp-json\/wp\/v2\/pages"}],"about":[{"href":"https:\/\/safespacesproject.eu\/no\/wp-json\/wp\/v2\/types\/page"}],"author":[{"embeddable":true,"href":"https:\/\/safespacesproject.eu\/no\/wp-json\/wp\/v2\/users\/2"}],"replies":[{"embeddable":true,"href":"https:\/\/safespacesproject.eu\/no\/wp-json\/wp\/v2\/comments?post=6703"}],"version-history":[{"count":1,"href":"https:\/\/safespacesproject.eu\/no\/wp-json\/wp\/v2\/pages\/6703\/revisions"}],"predecessor-version":[{"id":6704,"href":"https:\/\/safespacesproject.eu\/no\/wp-json\/wp\/v2\/pages\/6703\/revisions\/6704"}],"wp:attachment":[{"href":"https:\/\/safespacesproject.eu\/no\/wp-json\/wp\/v2\/media?parent=6703"}],"curies":[{"name":"wp","href":"https:\/\/api.w.org\/{rel}","templated":true}]}}