{"id":6707,"date":"2024-07-09T11:26:26","date_gmt":"2024-07-09T11:26:26","guid":{"rendered":"https:\/\/safespacesproject.eu\/ueber-das-projekt"},"modified":"2025-11-11T15:31:49","modified_gmt":"2025-11-11T15:31:49","slug":"ueber-das-projekt","status":"publish","type":"page","link":"https:\/\/safespacesproject.eu\/de\/ueber-das-projekt","title":{"rendered":"\u00dcber das Projekt"},"content":{"rendered":"\t\t<div data-elementor-type=\"wp-page\" data-elementor-id=\"6707\" class=\"elementor elementor-6707 elementor-380\" data-elementor-post-type=\"page\">\n\t\t\t\t<div class=\"elementor-element elementor-element-4051fd2 e-flex e-con-boxed wpr-particle-no wpr-jarallax-no wpr-parallax-no wpr-sticky-section-no e-con e-parent\" data-id=\"4051fd2\" data-element_type=\"container\" data-e-type=\"container\" data-settings=\"{&quot;jet_parallax_layout_list&quot;:[],&quot;background_background&quot;:&quot;classic&quot;}\">\n\t\t\t\t\t<div class=\"e-con-inner\">\n\t\t\t\t<div class=\"elementor-element elementor-element-eb8f6f2 elementor-widget elementor-widget-heading\" data-id=\"eb8f6f2\" data-element_type=\"widget\" data-e-type=\"widget\" data-widget_type=\"heading.default\">\n\t\t\t\t<div class=\"elementor-widget-container\">\n\t\t\t\t\t<h2 class=\"elementor-heading-title elementor-size-default\">\u00dcber das Projekt<\/h2>\t\t\t\t<\/div>\n\t\t\t\t<\/div>\n\t\t\t\t\t<\/div>\n\t\t\t\t<\/div>\n\t\t<div class=\"elementor-element elementor-element-931c74d e-flex e-con-boxed wpr-particle-no wpr-jarallax-no wpr-parallax-no wpr-sticky-section-no e-con e-parent\" data-id=\"931c74d\" data-element_type=\"container\" data-e-type=\"container\" data-settings=\"{&quot;jet_parallax_layout_list&quot;:[],&quot;background_background&quot;:&quot;classic&quot;}\">\n\t\t\t\t\t<div class=\"e-con-inner\">\n\t\t\t\t<div class=\"elementor-element elementor-element-653366b elementor-widget elementor-widget-text-editor\" data-id=\"653366b\" data-element_type=\"widget\" data-e-type=\"widget\" data-widget_type=\"text-editor.default\">\n\t\t\t\t<div class=\"elementor-widget-container\">\n\t\t\t\t\t\t\t\t\t<p>Erfahren Sie mehr \u00fcber die Entwicklung von SafeSpaces! Unser Schwerpunkt liegt auf der Erstellung einer umfassenden Methodik in einem digitalen Format. Diese Methodik soll den Umsetzungsprozess f\u00fcr (Jugend-)Migrantenzentren skizzieren und sich auf bestimmte Bereiche und Aktivit\u00e4ten konzentrieren, um die erfolgreiche Integration von unbegleiteten minderj\u00e4hrigen Migranten in den Aufnahmel\u00e4ndern zu erleichtern.  <\/p><p>SafeSpaces bezieht sich auf die Zentren, die in der Lage sind, diese Aktivit\u00e4ten mit der Unterst\u00fctzung von ausgebildeten Jugendsozialarbeitern durchzuf\u00fchren. Zu den wichtigsten Interventionsbereichen geh\u00f6ren Jugend- und Sozialarbeit, Bewertungsverfahren, Pr\u00e4ventionsstrategien, Interventionsmethoden, ganzheitliche Ans\u00e4tze, \u00f6kologische Perspektiven und ein integrierter \u00dcberblick, der die im Rahmen unseres Schulungsprogramms entwickelten Schulungsmodule umfasst. <\/p>\t\t\t\t\t\t\t\t<\/div>\n\t\t\t\t<\/div>\n\t\t<div class=\"elementor-element elementor-element-f96ba46 e-con-full e-flex wpr-particle-no wpr-jarallax-no wpr-parallax-no wpr-sticky-section-no e-con e-child\" data-id=\"f96ba46\" data-element_type=\"container\" data-e-type=\"container\" data-settings=\"{&quot;jet_parallax_layout_list&quot;:[]}\">\n\t\t\t\t<div class=\"elementor-element elementor-element-06e538f elementor-widget elementor-widget-eael-sticky-video\" data-id=\"06e538f\" data-element_type=\"widget\" data-e-type=\"widget\" data-widget_type=\"eael-sticky-video.default\">\n\t\t\t\t<div class=\"elementor-widget-container\">\n\t\t\t\t\t<div class=\"eael-sticky-video-wrapper eaelsv-overlay-visibility-\"><div class=\"eael-sticky-video-player2\" data-sticky=\"\" data-position=\"\" data-sheight=\"169\" data-swidth=\"300\" data-scroll_height=\"\" data-autoplay=\"no\" data-overlay=\"no\"><div\n\t\t\tid=\"eaelsv-player-06e538f\"\n\t\t\tdata-plyr-provider=\"youtube\"\n\t\t\tdata-plyr-embed-id=\"8PUv0Fpfo7o\"\n\t\t\tdata-plyr-config=\"{&quot;storage&quot;: {&quot;enabled&quot;: false, &quot;key&quot;: &quot;plyr&quot;}, &quot;autoplay&quot;:0, &quot;muted&quot;:0, &quot;loop&quot;: {&quot;active&quot;: false}}\"\n\t\t><\/div>\n\t\t\t\t<span class=\"eaelsv-sticky-player-close\"><i class=\"fas fa-times-circle\"><\/i><\/span>\n\t\t\t<\/div>\n\t\t<\/div>\t\t\t\t<\/div>\n\t\t\t\t<\/div>\n\t\t\t\t<\/div>\n\t\t\t\t\t<\/div>\n\t\t\t\t<\/div>\n\t\t<div class=\"elementor-element elementor-element-c6601c0 e-flex e-con-boxed wpr-particle-no wpr-jarallax-no wpr-parallax-no wpr-sticky-section-no e-con e-parent\" data-id=\"c6601c0\" data-element_type=\"container\" data-e-type=\"container\" data-settings=\"{&quot;jet_parallax_layout_list&quot;:[],&quot;background_background&quot;:&quot;classic&quot;,&quot;shape_divider_top&quot;:&quot;arrow&quot;}\">\n\t\t\t\t\t<div class=\"e-con-inner\">\n\t\t\t\t<div class=\"elementor-shape elementor-shape-top\" aria-hidden=\"true\" data-negative=\"false\">\n\t\t\t<svg xmlns=\"http:\/\/www.w3.org\/2000\/svg\" viewBox=\"0 0 700 10\" preserveAspectRatio=\"none\">\n\t<path class=\"elementor-shape-fill\" d=\"M350,10L340,0h20L350,10z\"\/>\n<\/svg>\t\t<\/div>\n\t\t\t\t<div class=\"elementor-element elementor-element-8f0d21b elementor-widget elementor-widget-heading\" data-id=\"8f0d21b\" data-element_type=\"widget\" data-e-type=\"widget\" data-widget_type=\"heading.default\">\n\t\t\t\t<div class=\"elementor-widget-container\">\n\t\t\t\t\t<h2 class=\"elementor-heading-title elementor-size-default\">Ziele<\/h2>\t\t\t\t<\/div>\n\t\t\t\t<\/div>\n\t\t<div class=\"elementor-element elementor-element-487acc0 e-con-full e-flex wpr-particle-no wpr-jarallax-no wpr-parallax-no wpr-sticky-section-no e-con e-child\" data-id=\"487acc0\" data-element_type=\"container\" data-e-type=\"container\" data-settings=\"{&quot;jet_parallax_layout_list&quot;:[]}\">\n\t\t<div class=\"elementor-element elementor-element-6a5c5d5 e-con-full e-flex wpr-particle-no wpr-jarallax-no wpr-parallax-no wpr-sticky-section-no e-con e-child\" data-id=\"6a5c5d5\" data-element_type=\"container\" data-e-type=\"container\" data-settings=\"{&quot;jet_parallax_layout_list&quot;:[]}\">\n\t\t\t\t<div class=\"elementor-element elementor-element-9a3ad95 elementor-widget elementor-widget-eael-svg-draw\" data-id=\"9a3ad95\" data-element_type=\"widget\" data-e-type=\"widget\" data-widget_type=\"eael-svg-draw.default\">\n\t\t\t\t<div class=\"elementor-widget-container\">\n\t\t\t\t\t<div class=\"eael-svg-draw-container page-load \" data-settings=\"{&quot;fill_type&quot;:&quot;none&quot;,&quot;fill_color&quot;:null,&quot;start_point&quot;:&quot;95%&quot;,&quot;end_point&quot;:&quot;10%&quot;,&quot;marker&quot;:false,&quot;loop&quot;:&quot;yes&quot;,&quot;loop_delay&quot;:1.5,&quot;pause&quot;:&quot;no&quot;,&quot;direction&quot;:&quot;reverse&quot;,&quot;excludeStyle&quot;:&quot;no&quot;,&quot;transition&quot;:&quot;2&quot;,&quot;stroke_length&quot;:100,&quot;ease_type&quot;:&quot;none&quot;,&quot;has_pro&quot;:false,&quot;speed&quot;:1}\"><svg class='svg-inline--fas-fa-people-arrows  eael-svg-icon' aria-hidden='true' role='img' xmlns='http:\/\/www.w3.org\/2000\/svg' viewBox='0 0 576 512'><path fill='' d='M96,128A64,64,0,1,0,32,64,64,64,0,0,0,96,128Zm0,176.08a44.11,44.11,0,0,1,13.64-32L181.77,204c1.65-1.55,3.77-2.31,5.61-3.57A63.91,63.91,0,0,0,128,160H64A64,64,0,0,0,0,224v96a32,32,0,0,0,32,32V480a32,32,0,0,0,32,32h64a32,32,0,0,0,32-32V383.61l-50.36-47.53A44.08,44.08,0,0,1,96,304.08ZM480,128a64,64,0,1,0-64-64A64,64,0,0,0,480,128Zm32,32H448a63.91,63.91,0,0,0-59.38,40.42c1.84,1.27,4,2,5.62,3.59l72.12,68.06a44.37,44.37,0,0,1,0,64L416,383.62V480a32,32,0,0,0,32,32h64a32,32,0,0,0,32-32V352a32,32,0,0,0,32-32V224A64,64,0,0,0,512,160ZM444.4,295.34l-72.12-68.06A12,12,0,0,0,352,236v36H224V236a12,12,0,0,0-20.28-8.73L131.6,295.34a12.4,12.4,0,0,0,0,17.47l72.12,68.07A12,12,0,0,0,224,372.14V336H352v36.14a12,12,0,0,0,20.28,8.74l72.12-68.07A12.4,12.4,0,0,0,444.4,295.34Z'><\/path><\/svg> <\/div>\t\t\t\t<\/div>\n\t\t\t\t<\/div>\n\t\t<div class=\"elementor-element elementor-element-f4e8dbb e-con-full e-flex wpr-particle-no wpr-jarallax-no wpr-parallax-no wpr-sticky-section-no elementor-invisible e-con e-child\" data-id=\"f4e8dbb\" data-element_type=\"container\" data-e-type=\"container\" data-settings=\"{&quot;background_background&quot;:&quot;classic&quot;,&quot;jet_parallax_layout_list&quot;:[],&quot;animation&quot;:&quot;fadeInUp&quot;}\">\n\t\t\t\t<div class=\"elementor-element elementor-element-383a911 elementor-widget elementor-widget-heading\" data-id=\"383a911\" data-element_type=\"widget\" data-e-type=\"widget\" data-widget_type=\"heading.default\">\n\t\t\t\t<div class=\"elementor-widget-container\">\n\t\t\t\t\t<h2 class=\"elementor-heading-title elementor-size-default\">Zielsetzung 1<\/h2>\t\t\t\t<\/div>\n\t\t\t\t<\/div>\n\t\t\t\t<div class=\"elementor-element elementor-element-e1a7fbf elementor-widget elementor-widget-text-editor\" data-id=\"e1a7fbf\" data-element_type=\"widget\" data-e-type=\"widget\" data-widget_type=\"text-editor.default\">\n\t\t\t\t<div class=\"elementor-widget-container\">\n\t\t\t\t\t\t\t\t\t<p>Sensibilisierung f\u00fcr die Bedeutung der Anerkennung von Fl\u00fcchtlings-, Migranten- und vertriebenen Kindern als Kinder mit dem Recht auf Schutz, Entwicklung und Teilhabe und Verst\u00e4rkung des kollektiven Handelns, um allen entwurzelten Kindern und Familien unabh\u00e4ngig von ihrem Status einen effektiven Zugang zu wichtigen Dienstleistungen zu gew\u00e4hrleisten.<\/p>\t\t\t\t\t\t\t\t<\/div>\n\t\t\t\t<\/div>\n\t\t\t\t<\/div>\n\t\t\t\t<\/div>\n\t\t<div class=\"elementor-element elementor-element-d797f4c e-con-full e-flex wpr-particle-no wpr-jarallax-no wpr-parallax-no wpr-sticky-section-no e-con e-child\" data-id=\"d797f4c\" data-element_type=\"container\" data-e-type=\"container\" data-settings=\"{&quot;jet_parallax_layout_list&quot;:[]}\">\n\t\t\t\t<div class=\"elementor-element elementor-element-8606364 elementor-widget elementor-widget-eael-svg-draw\" data-id=\"8606364\" data-element_type=\"widget\" data-e-type=\"widget\" data-widget_type=\"eael-svg-draw.default\">\n\t\t\t\t<div class=\"elementor-widget-container\">\n\t\t\t\t\t<div class=\"eael-svg-draw-container page-load \" data-settings=\"{&quot;fill_type&quot;:&quot;none&quot;,&quot;fill_color&quot;:null,&quot;start_point&quot;:&quot;95%&quot;,&quot;end_point&quot;:&quot;10%&quot;,&quot;marker&quot;:false,&quot;loop&quot;:&quot;yes&quot;,&quot;loop_delay&quot;:1.5,&quot;pause&quot;:&quot;no&quot;,&quot;direction&quot;:&quot;reverse&quot;,&quot;excludeStyle&quot;:&quot;no&quot;,&quot;transition&quot;:&quot;2&quot;,&quot;stroke_length&quot;:100,&quot;ease_type&quot;:&quot;none&quot;,&quot;has_pro&quot;:false,&quot;speed&quot;:1}\"><svg class='svg-inline--fas-fa-brain  eael-svg-icon' aria-hidden='true' role='img' xmlns='http:\/\/www.w3.org\/2000\/svg' viewBox='0 0 576 512'><path fill='' d='M208 0c-29.9 0-54.7 20.5-61.8 48.2-.8 0-1.4-.2-2.2-.2-35.3 0-64 28.7-64 64 0 4.8.6 9.5 1.7 14C52.5 138 32 166.6 32 200c0 12.6 3.2 24.3 8.3 34.9C16.3 248.7 0 274.3 0 304c0 33.3 20.4 61.9 49.4 73.9-.9 4.6-1.4 9.3-1.4 14.1 0 39.8 32.2 72 72 72 4.1 0 8.1-.5 12-1.2 9.6 28.5 36.2 49.2 68 49.2 39.8 0 72-32.2 72-72V64c0-35.3-28.7-64-64-64zm368 304c0-29.7-16.3-55.3-40.3-69.1 5.2-10.6 8.3-22.3 8.3-34.9 0-33.4-20.5-62-49.7-74 1-4.5 1.7-9.2 1.7-14 0-35.3-28.7-64-64-64-.8 0-1.5.2-2.2.2C422.7 20.5 397.9 0 368 0c-35.3 0-64 28.6-64 64v376c0 39.8 32.2 72 72 72 31.8 0 58.4-20.7 68-49.2 3.9.7 7.9 1.2 12 1.2 39.8 0 72-32.2 72-72 0-4.8-.5-9.5-1.4-14.1 29-12 49.4-40.6 49.4-73.9z'><\/path><\/svg> <\/div>\t\t\t\t<\/div>\n\t\t\t\t<\/div>\n\t\t<div class=\"elementor-element elementor-element-2687de8 e-con-full e-flex wpr-particle-no wpr-jarallax-no wpr-parallax-no wpr-sticky-section-no elementor-invisible e-con e-child\" data-id=\"2687de8\" data-element_type=\"container\" data-e-type=\"container\" data-settings=\"{&quot;background_background&quot;:&quot;classic&quot;,&quot;jet_parallax_layout_list&quot;:[],&quot;animation&quot;:&quot;fadeInUp&quot;,&quot;animation_delay&quot;:500}\">\n\t\t\t\t<div class=\"elementor-element elementor-element-29a06b2 elementor-widget elementor-widget-heading\" data-id=\"29a06b2\" data-element_type=\"widget\" data-e-type=\"widget\" data-widget_type=\"heading.default\">\n\t\t\t\t<div class=\"elementor-widget-container\">\n\t\t\t\t\t<h2 class=\"elementor-heading-title elementor-size-default\">Ziel 2<\/h2>\t\t\t\t<\/div>\n\t\t\t\t<\/div>\n\t\t\t\t<div class=\"elementor-element elementor-element-ef2309c elementor-widget elementor-widget-text-editor\" data-id=\"ef2309c\" data-element_type=\"widget\" data-e-type=\"widget\" data-widget_type=\"text-editor.default\">\n\t\t\t\t<div class=\"elementor-widget-container\">\n\t\t\t\t\t\t\t\t\t<p>Geben Sie jungen Fl\u00fcchtlingen, Migranten und Vertriebenen die M\u00f6glichkeit, ihre Talente zu entfalten und ihr volles Potenzial auszusch\u00f6pfen.<\/p>\t\t\t\t\t\t\t\t<\/div>\n\t\t\t\t<\/div>\n\t\t\t\t<\/div>\n\t\t\t\t<\/div>\n\t\t<div class=\"elementor-element elementor-element-c1e5f7f e-con-full e-flex wpr-particle-no wpr-jarallax-no wpr-parallax-no wpr-sticky-section-no e-con e-child\" data-id=\"c1e5f7f\" data-element_type=\"container\" data-e-type=\"container\" data-settings=\"{&quot;jet_parallax_layout_list&quot;:[]}\">\n\t\t\t\t<div class=\"elementor-element elementor-element-1650763 elementor-widget elementor-widget-eael-svg-draw\" data-id=\"1650763\" data-element_type=\"widget\" data-e-type=\"widget\" data-widget_type=\"eael-svg-draw.default\">\n\t\t\t\t<div class=\"elementor-widget-container\">\n\t\t\t\t\t<div class=\"eael-svg-draw-container page-load \" data-settings=\"{&quot;fill_type&quot;:&quot;none&quot;,&quot;fill_color&quot;:null,&quot;start_point&quot;:&quot;95%&quot;,&quot;end_point&quot;:&quot;10%&quot;,&quot;marker&quot;:false,&quot;loop&quot;:&quot;yes&quot;,&quot;loop_delay&quot;:1.5,&quot;pause&quot;:&quot;no&quot;,&quot;direction&quot;:&quot;reverse&quot;,&quot;excludeStyle&quot;:&quot;no&quot;,&quot;transition&quot;:&quot;8&quot;,&quot;stroke_length&quot;:100,&quot;ease_type&quot;:&quot;none&quot;,&quot;has_pro&quot;:false,&quot;speed&quot;:1}\"><svg class='svg-inline--fas-fa-user-shield  eael-svg-icon' aria-hidden='true' role='img' xmlns='http:\/\/www.w3.org\/2000\/svg' viewBox='0 0 640 512'><path fill='' d='M622.3 271.1l-115.2-45c-4.1-1.6-12.6-3.7-22.2 0l-115.2 45c-10.7 4.2-17.7 14-17.7 24.9 0 111.6 68.7 188.8 132.9 213.9 9.6 3.7 18 1.6 22.2 0C558.4 489.9 640 420.5 640 296c0-10.9-7-20.7-17.7-24.9zM496 462.4V273.3l95.5 37.3c-5.6 87.1-60.9 135.4-95.5 151.8zM224 256c70.7 0 128-57.3 128-128S294.7 0 224 0 96 57.3 96 128s57.3 128 128 128zm96 40c0-2.5.8-4.8 1.1-7.2-2.5-.1-4.9-.8-7.5-.8h-16.7c-22.2 10.2-46.9 16-72.9 16s-50.6-5.8-72.9-16h-16.7C60.2 288 0 348.2 0 422.4V464c0 26.5 21.5 48 48 48h352c6.8 0 13.3-1.5 19.2-4-54-42.9-99.2-116.7-99.2-212z'><\/path><\/svg> <\/div>\t\t\t\t<\/div>\n\t\t\t\t<\/div>\n\t\t<div class=\"elementor-element elementor-element-c364ef1 e-con-full e-flex wpr-particle-no wpr-jarallax-no wpr-parallax-no wpr-sticky-section-no elementor-invisible e-con e-child\" data-id=\"c364ef1\" data-element_type=\"container\" data-e-type=\"container\" data-settings=\"{&quot;background_background&quot;:&quot;classic&quot;,&quot;jet_parallax_layout_list&quot;:[],&quot;animation&quot;:&quot;fadeInUp&quot;,&quot;animation_delay&quot;:1000}\">\n\t\t\t\t<div class=\"elementor-element elementor-element-daf8365 elementor-widget elementor-widget-heading\" data-id=\"daf8365\" data-element_type=\"widget\" data-e-type=\"widget\" data-widget_type=\"heading.default\">\n\t\t\t\t<div class=\"elementor-widget-container\">\n\t\t\t\t\t<h2 class=\"elementor-heading-title elementor-size-default\">Ziel 3<\/h2>\t\t\t\t<\/div>\n\t\t\t\t<\/div>\n\t\t\t\t<div class=\"elementor-element elementor-element-bf6f354 elementor-widget elementor-widget-text-editor\" data-id=\"bf6f354\" data-element_type=\"widget\" data-e-type=\"widget\" data-widget_type=\"text-editor.default\">\n\t\t\t\t<div class=\"elementor-widget-container\">\n\t\t\t\t\t\t\t\t\t<p>Sch\u00fctzen Sie Fl\u00fcchtlings-, Migranten- und vertriebene Kinder vor Diskriminierung und Fremdenfeindlichkeit, indem Sie sich f\u00fcr ein Ende der sch\u00e4dlichen Grenzschutzpraktiken und der Inhaftierung von Kindern bei der Einwanderung einsetzen.<\/p>\t\t\t\t\t\t\t\t<\/div>\n\t\t\t\t<\/div>\n\t\t\t\t<\/div>\n\t\t\t\t<\/div>\n\t\t\t\t<\/div>\n\t\t\t\t\t<\/div>\n\t\t\t\t<\/div>\n\t\t\t\t<\/div>\n\t\t","protected":false},"excerpt":{"rendered":"<p>Erfahren Sie mehr \u00fcber die Entwicklung von SafeSpaces! Unser Schwerpunkt liegt auf der Erstellung einer umfassenden Methodik in einem digitalen Format. Diese Methodik soll den Umsetzungsprozess f\u00fcr (Jugend-)Migrantenzentren skizzieren und sich auf bestimmte Bereiche und Aktivit\u00e4ten konzentrieren, um die erfolgreiche Integration von unbegleiteten minderj\u00e4hrigen Migranten in den Aufnahmel\u00e4ndern zu erleichtern. SafeSpaces bezieht sich auf die Zentren, die in der Lage sind, diese Aktivit\u00e4ten mit der Unterst\u00fctzung von ausgebildeten Jugendsozialarbeitern durchzuf\u00fchren. Zu den wichtigsten Interventionsbereichen geh\u00f6ren Jugend- und Sozialarbeit, Bewertungsverfahren, Pr\u00e4ventionsstrategien, Interventionsmethoden, ganzheitliche Ans\u00e4tze, \u00f6kologische Perspektiven und ein integrierter \u00dcberblick, der die im Rahmen unseres Schulungsprogramms entwickelten Schulungsmodule umfasst. Ziele Zielsetzung 1 Sensibilisierung f\u00fcr die Bedeutung der Anerkennung von Fl\u00fcchtlings-, Migranten- und vertriebenen Kindern als Kinder mit dem Recht auf Schutz, Entwicklung und Teilhabe und Verst\u00e4rkung des kollektiven Handelns, um allen entwurzelten Kindern und Familien unabh\u00e4ngig von ihrem Status einen effektiven Zugang zu wichtigen Dienstleistungen zu gew\u00e4hrleisten. Ziel 2 Geben Sie jungen Fl\u00fcchtlingen, Migranten und Vertriebenen die M\u00f6glichkeit, ihre Talente zu entfalten und ihr volles Potenzial auszusch\u00f6pfen. Ziel 3 Sch\u00fctzen Sie Fl\u00fcchtlings-, Migranten- und vertriebene Kinder vor Diskriminierung und Fremdenfeindlichkeit, indem Sie sich f\u00fcr ein Ende der sch\u00e4dlichen Grenzschutzpraktiken und der Inhaftierung von Kindern bei der Einwanderung einsetzen.<\/p>\n","protected":false},"author":2,"featured_media":0,"parent":0,"menu_order":0,"comment_status":"closed","ping_status":"closed","template":"","meta":{"footnotes":""},"class_list":["post-6707","page","type-page","status-publish","hentry"],"_links":{"self":[{"href":"https:\/\/safespacesproject.eu\/de\/wp-json\/wp\/v2\/pages\/6707","targetHints":{"allow":["GET"]}}],"collection":[{"href":"https:\/\/safespacesproject.eu\/de\/wp-json\/wp\/v2\/pages"}],"about":[{"href":"https:\/\/safespacesproject.eu\/de\/wp-json\/wp\/v2\/types\/page"}],"author":[{"embeddable":true,"href":"https:\/\/safespacesproject.eu\/de\/wp-json\/wp\/v2\/users\/2"}],"replies":[{"embeddable":true,"href":"https:\/\/safespacesproject.eu\/de\/wp-json\/wp\/v2\/comments?post=6707"}],"version-history":[{"count":1,"href":"https:\/\/safespacesproject.eu\/de\/wp-json\/wp\/v2\/pages\/6707\/revisions"}],"predecessor-version":[{"id":6708,"href":"https:\/\/safespacesproject.eu\/de\/wp-json\/wp\/v2\/pages\/6707\/revisions\/6708"}],"wp:attachment":[{"href":"https:\/\/safespacesproject.eu\/de\/wp-json\/wp\/v2\/media?parent=6707"}],"curies":[{"name":"wp","href":"https:\/\/api.w.org\/{rel}","templated":true}]}}